{"id":17353,"date":"2020-06-15T06:24:42","date_gmt":"2020-06-15T10:24:42","guid":{"rendered":"https:\/\/nathaliemoride.com\/?page_id=17353"},"modified":"2021-08-03T11:37:39","modified_gmt":"2021-08-03T15:37:39","slug":"videos","status":"publish","type":"page","link":"https:\/\/nathaliemoride.com\/en\/videos\/","title":{"rendered":"Videos"},"content":{"rendered":"<div class=\"wpb-content-wrapper\"><p>[vc_row css_animation=&#8221;&#8221; row_type=&#8221;row&#8221; use_row_as_full_screen_section=&#8221;no&#8221; type=&#8221;full_width&#8221; angled_section=&#8221;no&#8221; text_align=&#8221;left&#8221; background_image_as_pattern=&#8221;without_pattern&#8221; css=&#8221;.vc_custom_1628005051470{padding-bottom: 50px !important;}&#8221; z_index=&#8221;&#8221;][vc_column][vc_column_text]<span id=\"s2_2\">Sometimes, anxiety and worries arise and you have to be able to recognize, name, and control your emotions.<\/span>\u00a0<span id=\"s2_3\">In this section you will find some sessions that will promote your breathing and certainly your energy and sleep.<\/span><\/p>\n<p>[\/vc_column_text][vc_text_separator title=&#8221;HOME SESSIONS&#8221; border=&#8221;no&#8221;][\/vc_column][\/vc_row][vc_row css_animation=&#8221;&#8221; row_type=&#8221;row&#8221; use_row_as_full_screen_section=&#8221;no&#8221; type=&#8221;full_width&#8221; angled_section=&#8221;no&#8221; text_align=&#8221;left&#8221; background_image_as_pattern=&#8221;without_pattern&#8221; css=&#8221;.vc_custom_1628005059558{padding-top: 50px !important;padding-bottom: 50px !important;}&#8221; z_index=&#8221;&#8221;][vc_column width=&#8221;1\/3&#8243;][vc_video link=&#8221;https:\/\/www.youtube.com\/watch?v=I5HUyf0OnX0&amp;t=197s&amp;fbclid=IwAR24abnmIPgDU_eDwS1lqn4GPoDw3aQKH_1ADCyTetzDkOLN90m1XCxQvVA&#8221; title=&#8221;How I deal with my anxiety in this chaotic time (in french)&#8221;][vc_separator css_animation=&#8221;bounceInLeft&#8221; type=&#8221;normal&#8221;][\/vc_column][vc_column width=&#8221;1\/3&#8243;][vc_video link=&#8221;https:\/\/www.youtube.com\/watch?v=uL0JDQby5bY&amp;fbclid=IwAR069cakxJzlLCvpEoZ78cNRDJeCsg8FUNN9fNa3YlIWdDi3MijR8k8DGU0&#8243; title=&#8221;Breathing techniques to calm body and mind (in french)&#8221;][\/vc_column][vc_column width=&#8221;1\/3&#8243;][vc_video link=&#8221;https:\/\/soundcloud.com\/athaliereathwork\/15-minutes-breathwork-session&#8221; title=&#8221;A 15-minutes audio guided Breathwork session&#8221;][\/vc_column][\/vc_row]<\/p>\n<\/div>","protected":false},"excerpt":{"rendered":"<p>[vc_row css_animation=&#8221;&#8221; row_type=&#8221;row&#8221; use_row_as_full_screen_section=&#8221;no&#8221; type=&#8221;full_width&#8221; angled_section=&#8221;no&#8221; text_align=&#8221;left&#8221; background_image_as_pattern=&#8221;without_pattern&#8221; css=&#8221;.vc_custom_1628005051470{padding-bottom: 50px !important;}&#8221; z_index=&#8221;&#8221;][vc_column][vc_column_text]Sometimes, anxiety and worries arise and you have to be able to recognize, name, and control your emotions.\u00a0In this section you will find some&#8230;<\/p>\n","protected":false},"author":2,"featured_media":16919,"parent":0,"menu_order":0,"comment_status":"closed","ping_status":"closed","template":"","meta":{"footnotes":""},"class_list":["post-17353","page","type-page","status-publish","has-post-thumbnail","hentry"],"yoast_head":"<!-- This site is optimized with the Yoast SEO plugin v23.7 - https:\/\/yoast.com\/wordpress\/plugins\/seo\/ -->\n<title>Videos | Nathalie Moride Breathwork<\/title>\n<meta name=\"description\" content=\"Nathalie Moride offre des s\u00e9ances de Breathwork (Respiration consciente et connect\u00e9e) \u00e0 Montr\u00e9al en individuel ou en groupe.\" \/>\n<meta name=\"robots\" content=\"index, follow, max-snippet:-1, max-image-preview:large, max-video-preview:-1\" \/>\n<link rel=\"canonical\" href=\"https:\/\/nathaliemoride.com\/en\/videos\/\" \/>\n<meta property=\"og:locale\" content=\"en_US\" \/>\n<meta property=\"og:type\" content=\"article\" \/>\n<meta property=\"og:title\" content=\"Videos | Nathalie Moride Breathwork\" \/>\n<meta property=\"og:description\" content=\"Nathalie Moride offre des s\u00e9ances de Breathwork (Respiration consciente et connect\u00e9e) \u00e0 Montr\u00e9al en individuel ou en groupe.\" \/>\n<meta property=\"og:url\" content=\"https:\/\/nathaliemoride.com\/en\/videos\/\" \/>\n<meta property=\"og:site_name\" content=\"Nathalie Moride Breathwork\" \/>\n<meta property=\"article:modified_time\" content=\"2021-08-03T15:37:39+00:00\" \/>\n<meta property=\"og:image\" content=\"https:\/\/nathaliemoride.com\/wp-content\/uploads\/2019\/09\/Slider-a-propos04.jpg\" \/>\n\t<meta property=\"og:image:width\" content=\"1049\" \/>\n\t<meta property=\"og:image:height\" content=\"700\" \/>\n\t<meta property=\"og:image:type\" content=\"image\/jpeg\" \/>\n<meta name=\"twitter:card\" content=\"summary_large_image\" \/>\n<meta name=\"twitter:label1\" content=\"Est. reading time\" \/>\n\t<meta name=\"twitter:data1\" content=\"1 minute\" \/>\n<script type=\"application\/ld+json\" class=\"yoast-schema-graph\">{\"@context\":\"https:\/\/schema.org\",\"@graph\":[{\"@type\":\"WebPage\",\"@id\":\"https:\/\/nathaliemoride.com\/en\/videos\/\",\"url\":\"https:\/\/nathaliemoride.com\/en\/videos\/\",\"name\":\"Videos | Nathalie Moride Breathwork\",\"isPartOf\":{\"@id\":\"https:\/\/nathaliemoride.com\/en\/#website\"},\"primaryImageOfPage\":{\"@id\":\"https:\/\/nathaliemoride.com\/en\/videos\/#primaryimage\"},\"image\":{\"@id\":\"https:\/\/nathaliemoride.com\/en\/videos\/#primaryimage\"},\"thumbnailUrl\":\"https:\/\/nathaliemoride.com\/wp-content\/uploads\/2019\/09\/Slider-a-propos04.jpg\",\"datePublished\":\"2020-06-15T10:24:42+00:00\",\"dateModified\":\"2021-08-03T15:37:39+00:00\",\"description\":\"Nathalie Moride offre des s\u00e9ances de Breathwork (Respiration consciente et connect\u00e9e) \u00e0 Montr\u00e9al en individuel ou en groupe.\",\"breadcrumb\":{\"@id\":\"https:\/\/nathaliemoride.com\/en\/videos\/#breadcrumb\"},\"inLanguage\":\"en-US\",\"potentialAction\":[{\"@type\":\"ReadAction\",\"target\":[\"https:\/\/nathaliemoride.com\/en\/videos\/\"]}]},{\"@type\":\"ImageObject\",\"inLanguage\":\"en-US\",\"@id\":\"https:\/\/nathaliemoride.com\/en\/videos\/#primaryimage\",\"url\":\"https:\/\/nathaliemoride.com\/wp-content\/uploads\/2019\/09\/Slider-a-propos04.jpg\",\"contentUrl\":\"https:\/\/nathaliemoride.com\/wp-content\/uploads\/2019\/09\/Slider-a-propos04.jpg\",\"width\":1049,\"height\":700},{\"@type\":\"BreadcrumbList\",\"@id\":\"https:\/\/nathaliemoride.com\/en\/videos\/#breadcrumb\",\"itemListElement\":[{\"@type\":\"ListItem\",\"position\":1,\"name\":\"Accueil\",\"item\":\"https:\/\/nathaliemoride.com\/en\/\"},{\"@type\":\"ListItem\",\"position\":2,\"name\":\"Videos\"}]},{\"@type\":\"WebSite\",\"@id\":\"https:\/\/nathaliemoride.com\/en\/#website\",\"url\":\"https:\/\/nathaliemoride.com\/en\/\",\"name\":\"Nathalie Moride\",\"description\":\"Respiration Consciente et Connect\u00e9e \u00e0 Montr\u00e9al\",\"publisher\":{\"@id\":\"https:\/\/nathaliemoride.com\/en\/#\/schema\/person\/370030a743e3848bef13ec27c103b37c\"},\"potentialAction\":[{\"@type\":\"SearchAction\",\"target\":{\"@type\":\"EntryPoint\",\"urlTemplate\":\"https:\/\/nathaliemoride.com\/en\/?s={search_term_string}\"},\"query-input\":{\"@type\":\"PropertyValueSpecification\",\"valueRequired\":true,\"valueName\":\"search_term_string\"}}],\"inLanguage\":\"en-US\"},{\"@type\":[\"Person\",\"Organization\"],\"@id\":\"https:\/\/nathaliemoride.com\/en\/#\/schema\/person\/370030a743e3848bef13ec27c103b37c\",\"name\":\"Nathalie Moride\",\"image\":{\"@type\":\"ImageObject\",\"inLanguage\":\"en-US\",\"@id\":\"https:\/\/nathaliemoride.com\/en\/#\/schema\/person\/image\/\",\"url\":\"https:\/\/secure.gravatar.com\/avatar\/0ec887b1cd910052351fbf88a982a6ae38b8669e343f1e9d0e1fda5615a14b53?s=96&d=mm&r=g\",\"contentUrl\":\"https:\/\/secure.gravatar.com\/avatar\/0ec887b1cd910052351fbf88a982a6ae38b8669e343f1e9d0e1fda5615a14b53?s=96&d=mm&r=g\",\"caption\":\"Nathalie Moride\"},\"logo\":{\"@id\":\"https:\/\/nathaliemoride.com\/en\/#\/schema\/person\/image\/\"},\"sameAs\":[\"https:\/\/nathaliemoride.wpengine.com\"]}]}<\/script>\n<!-- \/ Yoast SEO plugin. -->","yoast_head_json":{"title":"Videos | Nathalie Moride Breathwork","description":"Nathalie Moride offre des s\u00e9ances de Breathwork (Respiration consciente et connect\u00e9e) \u00e0 Montr\u00e9al en individuel ou en groupe.","robots":{"index":"index","follow":"follow","max-snippet":"max-snippet:-1","max-image-preview":"max-image-preview:large","max-video-preview":"max-video-preview:-1"},"canonical":"https:\/\/nathaliemoride.com\/en\/videos\/","og_locale":"en_US","og_type":"article","og_title":"Videos | Nathalie Moride Breathwork","og_description":"Nathalie Moride offre des s\u00e9ances de Breathwork (Respiration consciente et connect\u00e9e) \u00e0 Montr\u00e9al en individuel ou en groupe.","og_url":"https:\/\/nathaliemoride.com\/en\/videos\/","og_site_name":"Nathalie Moride Breathwork","article_modified_time":"2021-08-03T15:37:39+00:00","og_image":[{"width":1049,"height":700,"url":"https:\/\/nathaliemoride.com\/wp-content\/uploads\/2019\/09\/Slider-a-propos04.jpg","type":"image\/jpeg"}],"twitter_card":"summary_large_image","twitter_misc":{"Est. reading time":"1 minute"},"schema":{"@context":"https:\/\/schema.org","@graph":[{"@type":"WebPage","@id":"https:\/\/nathaliemoride.com\/en\/videos\/","url":"https:\/\/nathaliemoride.com\/en\/videos\/","name":"Videos | Nathalie Moride Breathwork","isPartOf":{"@id":"https:\/\/nathaliemoride.com\/en\/#website"},"primaryImageOfPage":{"@id":"https:\/\/nathaliemoride.com\/en\/videos\/#primaryimage"},"image":{"@id":"https:\/\/nathaliemoride.com\/en\/videos\/#primaryimage"},"thumbnailUrl":"https:\/\/nathaliemoride.com\/wp-content\/uploads\/2019\/09\/Slider-a-propos04.jpg","datePublished":"2020-06-15T10:24:42+00:00","dateModified":"2021-08-03T15:37:39+00:00","description":"Nathalie Moride offre des s\u00e9ances de Breathwork (Respiration consciente et connect\u00e9e) \u00e0 Montr\u00e9al en individuel ou en groupe.","breadcrumb":{"@id":"https:\/\/nathaliemoride.com\/en\/videos\/#breadcrumb"},"inLanguage":"en-US","potentialAction":[{"@type":"ReadAction","target":["https:\/\/nathaliemoride.com\/en\/videos\/"]}]},{"@type":"ImageObject","inLanguage":"en-US","@id":"https:\/\/nathaliemoride.com\/en\/videos\/#primaryimage","url":"https:\/\/nathaliemoride.com\/wp-content\/uploads\/2019\/09\/Slider-a-propos04.jpg","contentUrl":"https:\/\/nathaliemoride.com\/wp-content\/uploads\/2019\/09\/Slider-a-propos04.jpg","width":1049,"height":700},{"@type":"BreadcrumbList","@id":"https:\/\/nathaliemoride.com\/en\/videos\/#breadcrumb","itemListElement":[{"@type":"ListItem","position":1,"name":"Accueil","item":"https:\/\/nathaliemoride.com\/en\/"},{"@type":"ListItem","position":2,"name":"Videos"}]},{"@type":"WebSite","@id":"https:\/\/nathaliemoride.com\/en\/#website","url":"https:\/\/nathaliemoride.com\/en\/","name":"Nathalie Moride","description":"Respiration Consciente et Connect\u00e9e \u00e0 Montr\u00e9al","publisher":{"@id":"https:\/\/nathaliemoride.com\/en\/#\/schema\/person\/370030a743e3848bef13ec27c103b37c"},"potentialAction":[{"@type":"SearchAction","target":{"@type":"EntryPoint","urlTemplate":"https:\/\/nathaliemoride.com\/en\/?s={search_term_string}"},"query-input":{"@type":"PropertyValueSpecification","valueRequired":true,"valueName":"search_term_string"}}],"inLanguage":"en-US"},{"@type":["Person","Organization"],"@id":"https:\/\/nathaliemoride.com\/en\/#\/schema\/person\/370030a743e3848bef13ec27c103b37c","name":"Nathalie Moride","image":{"@type":"ImageObject","inLanguage":"en-US","@id":"https:\/\/nathaliemoride.com\/en\/#\/schema\/person\/image\/","url":"https:\/\/secure.gravatar.com\/avatar\/0ec887b1cd910052351fbf88a982a6ae38b8669e343f1e9d0e1fda5615a14b53?s=96&d=mm&r=g","contentUrl":"https:\/\/secure.gravatar.com\/avatar\/0ec887b1cd910052351fbf88a982a6ae38b8669e343f1e9d0e1fda5615a14b53?s=96&d=mm&r=g","caption":"Nathalie Moride"},"logo":{"@id":"https:\/\/nathaliemoride.com\/en\/#\/schema\/person\/image\/"},"sameAs":["https:\/\/nathaliemoride.wpengine.com"]}]}},"_links":{"self":[{"href":"https:\/\/nathaliemoride.com\/en\/wp-json\/wp\/v2\/pages\/17353","targetHints":{"allow":["GET"]}}],"collection":[{"href":"https:\/\/nathaliemoride.com\/en\/wp-json\/wp\/v2\/pages"}],"about":[{"href":"https:\/\/nathaliemoride.com\/en\/wp-json\/wp\/v2\/types\/page"}],"author":[{"embeddable":true,"href":"https:\/\/nathaliemoride.com\/en\/wp-json\/wp\/v2\/users\/2"}],"replies":[{"embeddable":true,"href":"https:\/\/nathaliemoride.com\/en\/wp-json\/wp\/v2\/comments?post=17353"}],"version-history":[{"count":0,"href":"https:\/\/nathaliemoride.com\/en\/wp-json\/wp\/v2\/pages\/17353\/revisions"}],"wp:featuredmedia":[{"embeddable":true,"href":"https:\/\/nathaliemoride.com\/en\/wp-json\/wp\/v2\/media\/16919"}],"wp:attachment":[{"href":"https:\/\/nathaliemoride.com\/en\/wp-json\/wp\/v2\/media?parent=17353"}],"curies":[{"name":"wp","href":"https:\/\/api.w.org\/{rel}","templated":true}]}}