{"id":17031,"date":"2019-10-02T12:09:12","date_gmt":"2019-10-02T16:09:12","guid":{"rendered":"https:\/\/nathaliemoride.com\/?page_id=17031"},"modified":"2021-08-03T11:30:28","modified_gmt":"2021-08-03T15:30:28","slug":"events","status":"publish","type":"page","link":"https:\/\/nathaliemoride.com\/en\/events\/","title":{"rendered":"Events"},"content":{"rendered":"<div class=\"wpb-content-wrapper\"><p>[vc_row css_animation=&#8221;&#8221; row_type=&#8221;row&#8221; use_row_as_full_screen_section=&#8221;no&#8221; type=&#8221;full_width&#8221; angled_section=&#8221;no&#8221; text_align=&#8221;left&#8221; background_image_as_pattern=&#8221;without_pattern&#8221;][vc_column][vc_column_text]<\/p>\n<h4 style=\"text-align: left;\">These are my upcoming online Breathwork events and Workshops.<\/h4>\n<p>[\/vc_column_text][vc_column_text css=&#8221;.vc_custom_1628004623773{padding-top: 20px !important;}&#8221;]<\/p>\n<h4 style=\"text-align: left;\"><\/h4>\n<h4><span style=\"color: #33cccc;\"><em>To come<\/em><\/span><\/h4>\n<p>[\/vc_column_text][vc_empty_space height=&#8221;50px&#8221;]<div class='q_masonry_blog'><div class=\"q_masonry_blog_grid_sizer\"><\/div><div class=\"q_masonry_blog_grid_gutter\"><\/div><\/div>[vc_column_text]<\/p>\n<h5><span style=\"text-decoration: underline;\">Past Events<\/span><\/h5>\n<p>[\/vc_column_text][vc_empty_space height=&#8221;20px&#8221;]<div class='q_masonry_blog'><div class=\"q_masonry_blog_grid_sizer\"><\/div><div class=\"q_masonry_blog_grid_gutter\"><\/div><article  class='post-17559 post type-post status-publish format-standard has-post-thumbnail hentry category-past-events '><div class=\"q_masonry_blog_post_image\"><a itemprop=\"url\" href=\"https:\/\/nathaliemoride.com\/en\/online-breathwork-session-december-15-2020\/\" target=\"_self\"><img decoding=\"async\" itemprop=\"image\" src=\"https:\/\/nathaliemoride.com\/wp-content\/uploads\/2020\/11\/Breathwork-Solstice-dhiver.jpg\" \/><\/a><\/div><div class=\"q_masonry_blog_post_text\"><h5 itemprop=\"name\" class=\"q_masonry_blog_title entry_title\"><a itemprop=\"url\" href=\"https:\/\/nathaliemoride.com\/en\/online-breathwork-session-december-15-2020\/\">Online Breathwork session &#8211; December 15, 2020<\/a><\/h5><p itemprop=\"description\" class=\"q_masonry_blog_excerpt\">Online session on Zoom. Fee: 15$ Click here for more details or to register....<\/p><div class=\"q_masonry_blog_post_info\"><\/div><\/div><\/article><article  class='post-17556 post type-post status-publish format-standard has-post-thumbnail hentry category-past-events '><div class=\"q_masonry_blog_post_image\"><a itemprop=\"url\" href=\"https:\/\/nathaliemoride.com\/en\/online-breathwork-session-november-25-2020\/\" target=\"_self\"><img decoding=\"async\" itemprop=\"image\" src=\"https:\/\/nathaliemoride.com\/wp-content\/uploads\/2020\/11\/BW_onLine_201125_HD.png\" \/><\/a><\/div><div class=\"q_masonry_blog_post_text\"><h5 itemprop=\"name\" class=\"q_masonry_blog_title entry_title\"><a itemprop=\"url\" href=\"https:\/\/nathaliemoride.com\/en\/online-breathwork-session-november-25-2020\/\">Online Breathwork session &#8211; November 25, 2020<\/a><\/h5><p itemprop=\"description\" class=\"q_masonry_blog_excerpt\">Online session on Zoom. Fee: 15$ Click here for more details or to register....<\/p><div class=\"q_masonry_blog_post_info\"><\/div><\/div><\/article><article  class='post-17553 post type-post status-publish format-standard has-post-thumbnail hentry category-past-events '><div class=\"q_masonry_blog_post_image\"><a itemprop=\"url\" href=\"https:\/\/nathaliemoride.com\/en\/free-online-breathwork-session-november-11-2020\/\" target=\"_self\"><img decoding=\"async\" itemprop=\"image\" src=\"https:\/\/nathaliemoride.com\/wp-content\/uploads\/2020\/11\/BW_OnLineFree_201111.jpg\" \/><\/a><\/div><div class=\"q_masonry_blog_post_text\"><h5 itemprop=\"name\" class=\"q_masonry_blog_title entry_title\"><a itemprop=\"url\" href=\"https:\/\/nathaliemoride.com\/en\/free-online-breathwork-session-november-11-2020\/\">Free online Breathwork session &#8211; November 11, 2020<\/a><\/h5><p itemprop=\"description\" class=\"q_masonry_blog_excerpt\">Free session on Zoom. Enjoy! Click here to register (required)....<\/p><div class=\"q_masonry_blog_post_info\"><\/div><\/div><\/article><\/div>[\/vc_column][\/vc_row]<\/p>\n<\/div>","protected":false},"excerpt":{"rendered":"<p>[vc_row css_animation=&#8221;&#8221; row_type=&#8221;row&#8221; use_row_as_full_screen_section=&#8221;no&#8221; type=&#8221;full_width&#8221; angled_section=&#8221;no&#8221; text_align=&#8221;left&#8221; background_image_as_pattern=&#8221;without_pattern&#8221;][vc_column][vc_column_text] These are my upcoming online Breathwork events and Workshops. [\/vc_column_text][vc_column_text css=&#8221;.vc_custom_1628004623773{padding-top: 20px !important;}&#8221;] To come [\/vc_column_text][vc_empty_space height=&#8221;50px&#8221;][vc_column_text] Past Events [\/vc_column_text][vc_empty_space height=&#8221;20px&#8221;][\/vc_column][\/vc_row]<\/p>\n","protected":false},"author":2,"featured_media":0,"parent":0,"menu_order":0,"comment_status":"closed","ping_status":"closed","template":"","meta":{"footnotes":""},"class_list":["post-17031","page","type-page","status-publish","hentry"],"yoast_head":"<!-- This site is optimized with the Yoast SEO plugin v23.7 - https:\/\/yoast.com\/wordpress\/plugins\/seo\/ -->\n<title>Events | Nathalie Moride Breathwork<\/title>\n<meta name=\"description\" content=\"Nathalie Moride offre des s\u00e9ances de Breathwork (Respiration consciente et connect\u00e9e) \u00e0 Montr\u00e9al en individuel ou en groupe.\" \/>\n<meta name=\"robots\" content=\"index, follow, max-snippet:-1, max-image-preview:large, max-video-preview:-1\" \/>\n<link rel=\"canonical\" href=\"https:\/\/nathaliemoride.com\/en\/events\/\" \/>\n<meta property=\"og:locale\" content=\"en_US\" \/>\n<meta property=\"og:type\" content=\"article\" \/>\n<meta property=\"og:title\" content=\"Events | Nathalie Moride Breathwork\" \/>\n<meta property=\"og:description\" content=\"Nathalie Moride offre des s\u00e9ances de Breathwork (Respiration consciente et connect\u00e9e) \u00e0 Montr\u00e9al en individuel ou en groupe.\" \/>\n<meta property=\"og:url\" content=\"https:\/\/nathaliemoride.com\/en\/events\/\" \/>\n<meta property=\"og:site_name\" content=\"Nathalie Moride Breathwork\" \/>\n<meta property=\"article:modified_time\" content=\"2021-08-03T15:30:28+00:00\" \/>\n<meta name=\"twitter:card\" content=\"summary_large_image\" \/>\n<meta name=\"twitter:label1\" content=\"Est. reading time\" \/>\n\t<meta name=\"twitter:data1\" content=\"1 minute\" \/>\n<script type=\"application\/ld+json\" class=\"yoast-schema-graph\">{\"@context\":\"https:\/\/schema.org\",\"@graph\":[{\"@type\":\"WebPage\",\"@id\":\"https:\/\/nathaliemoride.com\/en\/events\/\",\"url\":\"https:\/\/nathaliemoride.com\/en\/events\/\",\"name\":\"Events | Nathalie Moride Breathwork\",\"isPartOf\":{\"@id\":\"https:\/\/nathaliemoride.com\/en\/#website\"},\"datePublished\":\"2019-10-02T16:09:12+00:00\",\"dateModified\":\"2021-08-03T15:30:28+00:00\",\"description\":\"Nathalie Moride offre des s\u00e9ances de Breathwork (Respiration consciente et connect\u00e9e) \u00e0 Montr\u00e9al en individuel ou en groupe.\",\"breadcrumb\":{\"@id\":\"https:\/\/nathaliemoride.com\/en\/events\/#breadcrumb\"},\"inLanguage\":\"en-US\",\"potentialAction\":[{\"@type\":\"ReadAction\",\"target\":[\"https:\/\/nathaliemoride.com\/en\/events\/\"]}]},{\"@type\":\"BreadcrumbList\",\"@id\":\"https:\/\/nathaliemoride.com\/en\/events\/#breadcrumb\",\"itemListElement\":[{\"@type\":\"ListItem\",\"position\":1,\"name\":\"Accueil\",\"item\":\"https:\/\/nathaliemoride.com\/en\/\"},{\"@type\":\"ListItem\",\"position\":2,\"name\":\"Events\"}]},{\"@type\":\"WebSite\",\"@id\":\"https:\/\/nathaliemoride.com\/en\/#website\",\"url\":\"https:\/\/nathaliemoride.com\/en\/\",\"name\":\"Nathalie Moride\",\"description\":\"Respiration Consciente et Connect\u00e9e \u00e0 Montr\u00e9al\",\"publisher\":{\"@id\":\"https:\/\/nathaliemoride.com\/en\/#\/schema\/person\/370030a743e3848bef13ec27c103b37c\"},\"potentialAction\":[{\"@type\":\"SearchAction\",\"target\":{\"@type\":\"EntryPoint\",\"urlTemplate\":\"https:\/\/nathaliemoride.com\/en\/?s={search_term_string}\"},\"query-input\":{\"@type\":\"PropertyValueSpecification\",\"valueRequired\":true,\"valueName\":\"search_term_string\"}}],\"inLanguage\":\"en-US\"},{\"@type\":[\"Person\",\"Organization\"],\"@id\":\"https:\/\/nathaliemoride.com\/en\/#\/schema\/person\/370030a743e3848bef13ec27c103b37c\",\"name\":\"Nathalie Moride\",\"image\":{\"@type\":\"ImageObject\",\"inLanguage\":\"en-US\",\"@id\":\"https:\/\/nathaliemoride.com\/en\/#\/schema\/person\/image\/\",\"url\":\"https:\/\/secure.gravatar.com\/avatar\/0ec887b1cd910052351fbf88a982a6ae38b8669e343f1e9d0e1fda5615a14b53?s=96&d=mm&r=g\",\"contentUrl\":\"https:\/\/secure.gravatar.com\/avatar\/0ec887b1cd910052351fbf88a982a6ae38b8669e343f1e9d0e1fda5615a14b53?s=96&d=mm&r=g\",\"caption\":\"Nathalie Moride\"},\"logo\":{\"@id\":\"https:\/\/nathaliemoride.com\/en\/#\/schema\/person\/image\/\"},\"sameAs\":[\"https:\/\/nathaliemoride.wpengine.com\"]}]}<\/script>\n<!-- \/ Yoast SEO plugin. -->","yoast_head_json":{"title":"Events | Nathalie Moride Breathwork","description":"Nathalie Moride offre des s\u00e9ances de Breathwork (Respiration consciente et connect\u00e9e) \u00e0 Montr\u00e9al en individuel ou en groupe.","robots":{"index":"index","follow":"follow","max-snippet":"max-snippet:-1","max-image-preview":"max-image-preview:large","max-video-preview":"max-video-preview:-1"},"canonical":"https:\/\/nathaliemoride.com\/en\/events\/","og_locale":"en_US","og_type":"article","og_title":"Events | Nathalie Moride Breathwork","og_description":"Nathalie Moride offre des s\u00e9ances de Breathwork (Respiration consciente et connect\u00e9e) \u00e0 Montr\u00e9al en individuel ou en groupe.","og_url":"https:\/\/nathaliemoride.com\/en\/events\/","og_site_name":"Nathalie Moride Breathwork","article_modified_time":"2021-08-03T15:30:28+00:00","twitter_card":"summary_large_image","twitter_misc":{"Est. reading time":"1 minute"},"schema":{"@context":"https:\/\/schema.org","@graph":[{"@type":"WebPage","@id":"https:\/\/nathaliemoride.com\/en\/events\/","url":"https:\/\/nathaliemoride.com\/en\/events\/","name":"Events | Nathalie Moride Breathwork","isPartOf":{"@id":"https:\/\/nathaliemoride.com\/en\/#website"},"datePublished":"2019-10-02T16:09:12+00:00","dateModified":"2021-08-03T15:30:28+00:00","description":"Nathalie Moride offre des s\u00e9ances de Breathwork (Respiration consciente et connect\u00e9e) \u00e0 Montr\u00e9al en individuel ou en groupe.","breadcrumb":{"@id":"https:\/\/nathaliemoride.com\/en\/events\/#breadcrumb"},"inLanguage":"en-US","potentialAction":[{"@type":"ReadAction","target":["https:\/\/nathaliemoride.com\/en\/events\/"]}]},{"@type":"BreadcrumbList","@id":"https:\/\/nathaliemoride.com\/en\/events\/#breadcrumb","itemListElement":[{"@type":"ListItem","position":1,"name":"Accueil","item":"https:\/\/nathaliemoride.com\/en\/"},{"@type":"ListItem","position":2,"name":"Events"}]},{"@type":"WebSite","@id":"https:\/\/nathaliemoride.com\/en\/#website","url":"https:\/\/nathaliemoride.com\/en\/","name":"Nathalie Moride","description":"Respiration Consciente et Connect\u00e9e \u00e0 Montr\u00e9al","publisher":{"@id":"https:\/\/nathaliemoride.com\/en\/#\/schema\/person\/370030a743e3848bef13ec27c103b37c"},"potentialAction":[{"@type":"SearchAction","target":{"@type":"EntryPoint","urlTemplate":"https:\/\/nathaliemoride.com\/en\/?s={search_term_string}"},"query-input":{"@type":"PropertyValueSpecification","valueRequired":true,"valueName":"search_term_string"}}],"inLanguage":"en-US"},{"@type":["Person","Organization"],"@id":"https:\/\/nathaliemoride.com\/en\/#\/schema\/person\/370030a743e3848bef13ec27c103b37c","name":"Nathalie Moride","image":{"@type":"ImageObject","inLanguage":"en-US","@id":"https:\/\/nathaliemoride.com\/en\/#\/schema\/person\/image\/","url":"https:\/\/secure.gravatar.com\/avatar\/0ec887b1cd910052351fbf88a982a6ae38b8669e343f1e9d0e1fda5615a14b53?s=96&d=mm&r=g","contentUrl":"https:\/\/secure.gravatar.com\/avatar\/0ec887b1cd910052351fbf88a982a6ae38b8669e343f1e9d0e1fda5615a14b53?s=96&d=mm&r=g","caption":"Nathalie Moride"},"logo":{"@id":"https:\/\/nathaliemoride.com\/en\/#\/schema\/person\/image\/"},"sameAs":["https:\/\/nathaliemoride.wpengine.com"]}]}},"_links":{"self":[{"href":"https:\/\/nathaliemoride.com\/en\/wp-json\/wp\/v2\/pages\/17031","targetHints":{"allow":["GET"]}}],"collection":[{"href":"https:\/\/nathaliemoride.com\/en\/wp-json\/wp\/v2\/pages"}],"about":[{"href":"https:\/\/nathaliemoride.com\/en\/wp-json\/wp\/v2\/types\/page"}],"author":[{"embeddable":true,"href":"https:\/\/nathaliemoride.com\/en\/wp-json\/wp\/v2\/users\/2"}],"replies":[{"embeddable":true,"href":"https:\/\/nathaliemoride.com\/en\/wp-json\/wp\/v2\/comments?post=17031"}],"version-history":[{"count":0,"href":"https:\/\/nathaliemoride.com\/en\/wp-json\/wp\/v2\/pages\/17031\/revisions"}],"wp:attachment":[{"href":"https:\/\/nathaliemoride.com\/en\/wp-json\/wp\/v2\/media?parent=17031"}],"curies":[{"name":"wp","href":"https:\/\/api.w.org\/{rel}","templated":true}]}}