{"id":16924,"date":"2019-09-07T13:01:12","date_gmt":"2019-09-07T17:01:12","guid":{"rendered":"https:\/\/nathaliemoride.com\/bwmtl3\/?page_id=16924"},"modified":"2019-11-04T10:11:07","modified_gmt":"2019-11-04T15:11:07","slug":"about-nathalie","status":"publish","type":"page","link":"https:\/\/nathaliemoride.com\/en\/about-nathalie\/","title":{"rendered":"About Nathalie"},"content":{"rendered":"<div class=\"wpb-content-wrapper\"><p>[vc_row css_animation=&#8221;&#8221; row_type=&#8221;row&#8221; use_row_as_full_screen_section=&#8221;no&#8221; type=&#8221;full_width&#8221; angled_section=&#8221;no&#8221; text_align=&#8221;left&#8221; background_image_as_pattern=&#8221;without_pattern&#8221;][vc_column][vc_empty_space][vc_column_text]<\/p>\n<h2 style=\"text-align: center;\">Nathalie Moride<\/h2>\n<p>[\/vc_column_text][vc_empty_space][\/vc_column][\/vc_row][vc_row css_animation=&#8221;&#8221; row_type=&#8221;row&#8221; use_row_as_full_screen_section=&#8221;no&#8221; type=&#8221;full_width&#8221; angled_section=&#8221;no&#8221; text_align=&#8221;left&#8221; background_image_as_pattern=&#8221;without_pattern&#8221;][vc_column width=&#8221;1\/2&#8243;][vc_single_image image=&#8221;16807&#8243; img_size=&#8221;large&#8221; alignment=&#8221;right&#8221; style=&#8221;vc_box_outline&#8221; qode_css_animation=&#8221;&#8221;][\/vc_column][vc_column width=&#8221;1\/2&#8243;][vc_column_text]<\/p>\n<blockquote>\n<h5>Nathalie Moride, BAA (BAC in Business Administration, Uqam ) Is a certified practitioner of Conscious and Connected Breathwork (Alchemy of Breath and Breathwave Breathwork). She is also a certified yoga teacher (Nosara Yoga Institute). Nathalie was born in Montreal and divides her time between Quebec and Costa Rica.<\/h5>\n<\/blockquote>\n<p>[\/vc_column_text][\/vc_column][\/vc_row][vc_row css_animation=&#8221;&#8221; row_type=&#8221;row&#8221; use_row_as_full_screen_section=&#8221;no&#8221; type=&#8221;full_width&#8221; angled_section=&#8221;no&#8221; text_align=&#8221;left&#8221; background_image_as_pattern=&#8221;without_pattern&#8221;][vc_column][vc_empty_space height=&#8221;50px&#8221;][\/vc_column][\/vc_row][vc_row css_animation=&#8221;&#8221; row_type=&#8221;row&#8221; use_row_as_full_screen_section=&#8221;no&#8221; type=&#8221;full_width&#8221; angled_section=&#8221;no&#8221; text_align=&#8221;left&#8221; background_image_as_pattern=&#8221;without_pattern&#8221;][vc_column css=&#8221;.vc_custom_1567627536276{padding-right: 50px !important;padding-left: 50px !important;}&#8221;][vc_column_text]For more than 25 years, Nathalie Moride has been working in the corporate world in marketing and advertising agencies in Paris (EuroDisney, Hachette Fillipacchi, Condenet) and Montreal. She then chooses to leave the corporate life to develop an online advertising network that she sells a few years later.<br \/>\nIn 2013, during a spiritual journey of personal growth in Sedona, Arizona, Nathalie experienced the Holotropic Breathwork created by the psychiatrist and founder of transpersonal psychology, Stanislas Groff. It is a striking and transformative element for her. &#8220;I was amazed by the power and speed with which breathwork could lead to a deep therapeutic state of mind, in a safe and natural way.&#8221; This type of breathwork is however not accessible to all (price, duration sessions, and \u00a0intensity), Nathalie expands her research. This is how she discovers Conscious and Connected Breathwork by participating in a retreat given by Robin Clements of Breathwave Breathwork. Certain to have found her way, Nathalie undertakes her trainings. She is now dedicated to guiding and supporting participants in one-to-one and small group sessions she conducts on a weekly basis in Montreal or in one-off workshops in Costa Rica in yoga and wellness centers.<br \/>\n&#8220;I use the breath as a tool to travel in my inner world, to welcome everything that emerges from it and to connect with my inner child, refocus and regain my power at every moment.&#8221;<br \/>\nFrom the corporate world herself, Nathalie is familiar with issues such as performance concerns, anxiety, work overload, and so on. Passionate, she is dedicated to helping others &#8211; in a safe and therapeutic environment &#8211; to access their inner ability to heal, live better, optimize their vitality, sleep better and live more serenely. &#8220;Conscious and Connected Breathwork allows deep exploration, a unique transformation towards well-being.&#8221;[\/vc_column_text][vc_empty_space height=&#8221;50px&#8221;][\/vc_column][\/vc_row]<\/p>\n<\/div>","protected":false},"excerpt":{"rendered":"<p>[vc_row css_animation=&#8221;&#8221; row_type=&#8221;row&#8221; use_row_as_full_screen_section=&#8221;no&#8221; type=&#8221;full_width&#8221; angled_section=&#8221;no&#8221; text_align=&#8221;left&#8221; background_image_as_pattern=&#8221;without_pattern&#8221;][vc_column][vc_empty_space][vc_column_text] Nathalie Moride [\/vc_column_text][vc_empty_space][\/vc_column][\/vc_row][vc_row css_animation=&#8221;&#8221; row_type=&#8221;row&#8221; use_row_as_full_screen_section=&#8221;no&#8221; type=&#8221;full_width&#8221; angled_section=&#8221;no&#8221; text_align=&#8221;left&#8221; background_image_as_pattern=&#8221;without_pattern&#8221;][vc_column width=&#8221;1\/2&#8243;][vc_single_image image=&#8221;16807&#8243; img_size=&#8221;large&#8221; alignment=&#8221;right&#8221; style=&#8221;vc_box_outline&#8221; qode_css_animation=&#8221;&#8221;][\/vc_column][vc_column width=&#8221;1\/2&#8243;][vc_column_text] Nathalie Moride, BAA (BAC in Business Administration, Uqam ) Is&#8230;<\/p>\n","protected":false},"author":2,"featured_media":16904,"parent":0,"menu_order":0,"comment_status":"closed","ping_status":"closed","template":"","meta":{"footnotes":""},"class_list":["post-16924","page","type-page","status-publish","has-post-thumbnail","hentry"],"yoast_head":"<!-- This site is optimized with the Yoast SEO plugin v23.7 - https:\/\/yoast.com\/wordpress\/plugins\/seo\/ -->\n<title>About Nathalie | Nathalie Moride Breathwork<\/title>\n<meta name=\"description\" content=\"Nathalie Moride offre des s\u00e9ances de Breathwork (Respiration consciente et connect\u00e9e) \u00e0 Montr\u00e9al en individuel ou en groupe.\" \/>\n<meta name=\"robots\" content=\"index, follow, max-snippet:-1, max-image-preview:large, max-video-preview:-1\" \/>\n<link rel=\"canonical\" href=\"https:\/\/nathaliemoride.com\/en\/about-nathalie\/\" \/>\n<meta property=\"og:locale\" content=\"en_US\" \/>\n<meta property=\"og:type\" content=\"article\" \/>\n<meta property=\"og:title\" content=\"About Nathalie | Nathalie Moride Breathwork\" \/>\n<meta property=\"og:description\" content=\"Nathalie Moride offre des s\u00e9ances de Breathwork (Respiration consciente et connect\u00e9e) \u00e0 Montr\u00e9al en individuel ou en groupe.\" \/>\n<meta property=\"og:url\" content=\"https:\/\/nathaliemoride.com\/en\/about-nathalie\/\" \/>\n<meta property=\"og:site_name\" content=\"Nathalie Moride Breathwork\" \/>\n<meta property=\"article:modified_time\" content=\"2019-11-04T15:11:07+00:00\" \/>\n<meta property=\"og:image\" content=\"https:\/\/nathaliemoride.com\/wp-content\/uploads\/2019\/09\/Carousel06.jpg\" \/>\n\t<meta property=\"og:image:width\" content=\"600\" \/>\n\t<meta property=\"og:image:height\" content=\"900\" \/>\n\t<meta property=\"og:image:type\" content=\"image\/jpeg\" \/>\n<meta name=\"twitter:card\" content=\"summary_large_image\" \/>\n<meta name=\"twitter:label1\" content=\"Est. reading time\" \/>\n\t<meta name=\"twitter:data1\" content=\"3 minutes\" \/>\n<script type=\"application\/ld+json\" class=\"yoast-schema-graph\">{\"@context\":\"https:\/\/schema.org\",\"@graph\":[{\"@type\":\"WebPage\",\"@id\":\"https:\/\/nathaliemoride.com\/en\/about-nathalie\/\",\"url\":\"https:\/\/nathaliemoride.com\/en\/about-nathalie\/\",\"name\":\"About Nathalie | Nathalie Moride Breathwork\",\"isPartOf\":{\"@id\":\"https:\/\/nathaliemoride.com\/en\/#website\"},\"primaryImageOfPage\":{\"@id\":\"https:\/\/nathaliemoride.com\/en\/about-nathalie\/#primaryimage\"},\"image\":{\"@id\":\"https:\/\/nathaliemoride.com\/en\/about-nathalie\/#primaryimage\"},\"thumbnailUrl\":\"https:\/\/nathaliemoride.com\/wp-content\/uploads\/2019\/09\/Carousel06.jpg\",\"datePublished\":\"2019-09-07T17:01:12+00:00\",\"dateModified\":\"2019-11-04T15:11:07+00:00\",\"description\":\"Nathalie Moride offre des s\u00e9ances de Breathwork (Respiration consciente et connect\u00e9e) \u00e0 Montr\u00e9al en individuel ou en groupe.\",\"breadcrumb\":{\"@id\":\"https:\/\/nathaliemoride.com\/en\/about-nathalie\/#breadcrumb\"},\"inLanguage\":\"en-US\",\"potentialAction\":[{\"@type\":\"ReadAction\",\"target\":[\"https:\/\/nathaliemoride.com\/en\/about-nathalie\/\"]}]},{\"@type\":\"ImageObject\",\"inLanguage\":\"en-US\",\"@id\":\"https:\/\/nathaliemoride.com\/en\/about-nathalie\/#primaryimage\",\"url\":\"https:\/\/nathaliemoride.com\/wp-content\/uploads\/2019\/09\/Carousel06.jpg\",\"contentUrl\":\"https:\/\/nathaliemoride.com\/wp-content\/uploads\/2019\/09\/Carousel06.jpg\",\"width\":600,\"height\":900,\"caption\":\"S\u00e9ance de Breathwork, de Respiration Consciente\"},{\"@type\":\"BreadcrumbList\",\"@id\":\"https:\/\/nathaliemoride.com\/en\/about-nathalie\/#breadcrumb\",\"itemListElement\":[{\"@type\":\"ListItem\",\"position\":1,\"name\":\"Accueil\",\"item\":\"https:\/\/nathaliemoride.com\/en\/\"},{\"@type\":\"ListItem\",\"position\":2,\"name\":\"About Nathalie\"}]},{\"@type\":\"WebSite\",\"@id\":\"https:\/\/nathaliemoride.com\/en\/#website\",\"url\":\"https:\/\/nathaliemoride.com\/en\/\",\"name\":\"Nathalie Moride\",\"description\":\"Respiration Consciente et Connect\u00e9e \u00e0 Montr\u00e9al\",\"publisher\":{\"@id\":\"https:\/\/nathaliemoride.com\/en\/#\/schema\/person\/370030a743e3848bef13ec27c103b37c\"},\"potentialAction\":[{\"@type\":\"SearchAction\",\"target\":{\"@type\":\"EntryPoint\",\"urlTemplate\":\"https:\/\/nathaliemoride.com\/en\/?s={search_term_string}\"},\"query-input\":{\"@type\":\"PropertyValueSpecification\",\"valueRequired\":true,\"valueName\":\"search_term_string\"}}],\"inLanguage\":\"en-US\"},{\"@type\":[\"Person\",\"Organization\"],\"@id\":\"https:\/\/nathaliemoride.com\/en\/#\/schema\/person\/370030a743e3848bef13ec27c103b37c\",\"name\":\"Nathalie Moride\",\"image\":{\"@type\":\"ImageObject\",\"inLanguage\":\"en-US\",\"@id\":\"https:\/\/nathaliemoride.com\/en\/#\/schema\/person\/image\/\",\"url\":\"https:\/\/secure.gravatar.com\/avatar\/0ec887b1cd910052351fbf88a982a6ae38b8669e343f1e9d0e1fda5615a14b53?s=96&d=mm&r=g\",\"contentUrl\":\"https:\/\/secure.gravatar.com\/avatar\/0ec887b1cd910052351fbf88a982a6ae38b8669e343f1e9d0e1fda5615a14b53?s=96&d=mm&r=g\",\"caption\":\"Nathalie Moride\"},\"logo\":{\"@id\":\"https:\/\/nathaliemoride.com\/en\/#\/schema\/person\/image\/\"},\"sameAs\":[\"https:\/\/nathaliemoride.wpengine.com\"]}]}<\/script>\n<!-- \/ Yoast SEO plugin. -->","yoast_head_json":{"title":"About Nathalie | Nathalie Moride Breathwork","description":"Nathalie Moride offre des s\u00e9ances de Breathwork (Respiration consciente et connect\u00e9e) \u00e0 Montr\u00e9al en individuel ou en groupe.","robots":{"index":"index","follow":"follow","max-snippet":"max-snippet:-1","max-image-preview":"max-image-preview:large","max-video-preview":"max-video-preview:-1"},"canonical":"https:\/\/nathaliemoride.com\/en\/about-nathalie\/","og_locale":"en_US","og_type":"article","og_title":"About Nathalie | Nathalie Moride Breathwork","og_description":"Nathalie Moride offre des s\u00e9ances de Breathwork (Respiration consciente et connect\u00e9e) \u00e0 Montr\u00e9al en individuel ou en groupe.","og_url":"https:\/\/nathaliemoride.com\/en\/about-nathalie\/","og_site_name":"Nathalie Moride Breathwork","article_modified_time":"2019-11-04T15:11:07+00:00","og_image":[{"width":600,"height":900,"url":"https:\/\/nathaliemoride.com\/wp-content\/uploads\/2019\/09\/Carousel06.jpg","type":"image\/jpeg"}],"twitter_card":"summary_large_image","twitter_misc":{"Est. reading time":"3 minutes"},"schema":{"@context":"https:\/\/schema.org","@graph":[{"@type":"WebPage","@id":"https:\/\/nathaliemoride.com\/en\/about-nathalie\/","url":"https:\/\/nathaliemoride.com\/en\/about-nathalie\/","name":"About Nathalie | Nathalie Moride Breathwork","isPartOf":{"@id":"https:\/\/nathaliemoride.com\/en\/#website"},"primaryImageOfPage":{"@id":"https:\/\/nathaliemoride.com\/en\/about-nathalie\/#primaryimage"},"image":{"@id":"https:\/\/nathaliemoride.com\/en\/about-nathalie\/#primaryimage"},"thumbnailUrl":"https:\/\/nathaliemoride.com\/wp-content\/uploads\/2019\/09\/Carousel06.jpg","datePublished":"2019-09-07T17:01:12+00:00","dateModified":"2019-11-04T15:11:07+00:00","description":"Nathalie Moride offre des s\u00e9ances de Breathwork (Respiration consciente et connect\u00e9e) \u00e0 Montr\u00e9al en individuel ou en groupe.","breadcrumb":{"@id":"https:\/\/nathaliemoride.com\/en\/about-nathalie\/#breadcrumb"},"inLanguage":"en-US","potentialAction":[{"@type":"ReadAction","target":["https:\/\/nathaliemoride.com\/en\/about-nathalie\/"]}]},{"@type":"ImageObject","inLanguage":"en-US","@id":"https:\/\/nathaliemoride.com\/en\/about-nathalie\/#primaryimage","url":"https:\/\/nathaliemoride.com\/wp-content\/uploads\/2019\/09\/Carousel06.jpg","contentUrl":"https:\/\/nathaliemoride.com\/wp-content\/uploads\/2019\/09\/Carousel06.jpg","width":600,"height":900,"caption":"S\u00e9ance de Breathwork, de Respiration Consciente"},{"@type":"BreadcrumbList","@id":"https:\/\/nathaliemoride.com\/en\/about-nathalie\/#breadcrumb","itemListElement":[{"@type":"ListItem","position":1,"name":"Accueil","item":"https:\/\/nathaliemoride.com\/en\/"},{"@type":"ListItem","position":2,"name":"About Nathalie"}]},{"@type":"WebSite","@id":"https:\/\/nathaliemoride.com\/en\/#website","url":"https:\/\/nathaliemoride.com\/en\/","name":"Nathalie Moride","description":"Respiration Consciente et Connect\u00e9e \u00e0 Montr\u00e9al","publisher":{"@id":"https:\/\/nathaliemoride.com\/en\/#\/schema\/person\/370030a743e3848bef13ec27c103b37c"},"potentialAction":[{"@type":"SearchAction","target":{"@type":"EntryPoint","urlTemplate":"https:\/\/nathaliemoride.com\/en\/?s={search_term_string}"},"query-input":{"@type":"PropertyValueSpecification","valueRequired":true,"valueName":"search_term_string"}}],"inLanguage":"en-US"},{"@type":["Person","Organization"],"@id":"https:\/\/nathaliemoride.com\/en\/#\/schema\/person\/370030a743e3848bef13ec27c103b37c","name":"Nathalie Moride","image":{"@type":"ImageObject","inLanguage":"en-US","@id":"https:\/\/nathaliemoride.com\/en\/#\/schema\/person\/image\/","url":"https:\/\/secure.gravatar.com\/avatar\/0ec887b1cd910052351fbf88a982a6ae38b8669e343f1e9d0e1fda5615a14b53?s=96&d=mm&r=g","contentUrl":"https:\/\/secure.gravatar.com\/avatar\/0ec887b1cd910052351fbf88a982a6ae38b8669e343f1e9d0e1fda5615a14b53?s=96&d=mm&r=g","caption":"Nathalie Moride"},"logo":{"@id":"https:\/\/nathaliemoride.com\/en\/#\/schema\/person\/image\/"},"sameAs":["https:\/\/nathaliemoride.wpengine.com"]}]}},"_links":{"self":[{"href":"https:\/\/nathaliemoride.com\/en\/wp-json\/wp\/v2\/pages\/16924","targetHints":{"allow":["GET"]}}],"collection":[{"href":"https:\/\/nathaliemoride.com\/en\/wp-json\/wp\/v2\/pages"}],"about":[{"href":"https:\/\/nathaliemoride.com\/en\/wp-json\/wp\/v2\/types\/page"}],"author":[{"embeddable":true,"href":"https:\/\/nathaliemoride.com\/en\/wp-json\/wp\/v2\/users\/2"}],"replies":[{"embeddable":true,"href":"https:\/\/nathaliemoride.com\/en\/wp-json\/wp\/v2\/comments?post=16924"}],"version-history":[{"count":0,"href":"https:\/\/nathaliemoride.com\/en\/wp-json\/wp\/v2\/pages\/16924\/revisions"}],"wp:featuredmedia":[{"embeddable":true,"href":"https:\/\/nathaliemoride.com\/en\/wp-json\/wp\/v2\/media\/16904"}],"wp:attachment":[{"href":"https:\/\/nathaliemoride.com\/en\/wp-json\/wp\/v2\/media?parent=16924"}],"curies":[{"name":"wp","href":"https:\/\/api.w.org\/{rel}","templated":true}]}}